{"id":44,"date":"2017-06-19T18:55:06","date_gmt":"2017-06-19T18:55:06","guid":{"rendered":"http:\/\/mg-studioprojekt.pl\/?page_id=44"},"modified":"2017-06-19T19:32:30","modified_gmt":"2017-06-19T19:32:30","slug":"projekty","status":"publish","type":"page","link":"https:\/\/mg-studioprojekt.pl\/?page_id=44","title":{"rendered":"PROJEKTY"},"content":{"rendered":"<p><strong>OD PROJEKTU DO EFEKTU<\/strong><br \/>\nProces powstawania projektu, jak r\u00f3wnie\u017c p\u00f3\u017aniejsze etapy realizowania inwestycji wymagaj\u0105 ca\u0142kowitego zaanga\u017cowania, zar\u00f3wno ze strony inwestora, jak i projektanta. Zrozumienie oczekiwa\u0144 klienta stanowi naturalny wst\u0119p do projektowania, na kt\u00f3rym opiera si\u0119 p\u00f3\u017aniejsza owocna wsp\u00f3\u0142praca. Dzi\u0119ki takiemu podej\u015bciu inwestor mo\u017ce zrealizowa\u0107 swoje zamierzenie w przyjaznym, sprzyjaj\u0105cym mu otoczeniu tw\u00f3rczym. W trakcie budowy lepiej koordynuje przebieg realizacji inwestycji, uzyskuj\u0105c w ko\u0144cu w pe\u0142ni satysfakcjonuj\u0105cy go efekt ko\u0144cowy.<\/p>\n<p><strong>DO\u015aWIADCZENIE I KOMPETENCJE<\/strong><br \/>\nZnajomo\u015b\u0107 przepis\u00f3w nie mo\u017ce ogranicza\u0107 wizji architekta. To tylko kolejny krok do dalszego poszukiwania odpowiedniej formy i funkcji. Z naszych do\u015bwiadcze\u0144 wynika jasno, \u017ce pozwala ona cz\u0119sto unika\u0107 kompromis\u00f3w w zakresie estetyki rozwi\u0105za\u0144. Dzi\u0119ki tej wiedzy mo\u017cna lepiej przewidywa\u0107 rozw\u00f3j wydarze\u0144 na budowie. R\u00f3wnie\u017c wiedza in\u017cynierska jest ogromn\u0105 pomoc\u0105 w projektowaniu i wznoszeniu obiekt\u00f3w architektonicznych. Prezentowane tu projekty s\u0105 efektem wieloletniego do\u015bwiadczenia zdobytego podczas samodzielnej pracy, wakat\u00f3w etatowych oraz pojedynczych kontrakt\u00f3w. Tak bogate do\u015bwiadczenie pozwala nam przygotowa\u0107 inwestycj\u0119 na najwy\u017cszym poziomie oraz zoptymalizowa\u0107 koszty budowy( realizacji).<br \/>\nPonadto gruntowna znajomo\u015b\u0107 dziedzin pokrewnych projektowania architektonicznego, przepis\u00f3w przeciwpo\u017carowych czy technologii r\u00f3\u017cnych obiekt\u00f3w- cho\u0107 cz\u0119sto niedoceniana, a nawet lekcewa\u017cona, wielokrotnie pozwala\u0142a uzyskiwa\u0107 ponadprzeci\u0119tne efekty w zakresie architektury.<\/p>\n","protected":false},"excerpt":{"rendered":"<p>OD PROJEKTU DO EFEKTU Proces powstawania projektu, jak r\u00f3wnie\u017c p\u00f3\u017aniejsze etapy realizowania inwestycji wymagaj\u0105 ca\u0142kowitego zaanga\u017cowania, zar\u00f3wno ze strony inwestora, jak i projektanta. Zrozumienie oczekiwa\u0144 klienta stanowi naturalny wst\u0119p do projektowania, na kt\u00f3rym opiera si\u0119 p\u00f3\u017aniejsza owocna wsp\u00f3\u0142praca. Dzi\u0119ki takiemu podej\u015bciu inwestor mo\u017ce zrealizowa\u0107 swoje zamierzenie w przyjaznym, sprzyjaj\u0105cym mu otoczeniu tw\u00f3rczym. W trakcie budowy <a class=\"read-more\" href=\"https:\/\/mg-studioprojekt.pl\/?page_id=44\">Read More<\/a><\/p>\n","protected":false},"author":1,"featured_media":0,"parent":0,"menu_order":1,"comment_status":"closed","ping_status":"closed","template":"template-full-width.php","meta":{"footnotes":""},"class_list":["post-44","page","type-page","status-publish","hentry"],"_links":{"self":[{"href":"https:\/\/mg-studioprojekt.pl\/index.php?rest_route=\/wp\/v2\/pages\/44","targetHints":{"allow":["GET"]}}],"collection":[{"href":"https:\/\/mg-studioprojekt.pl\/index.php?rest_route=\/wp\/v2\/pages"}],"about":[{"href":"https:\/\/mg-studioprojekt.pl\/index.php?rest_route=\/wp\/v2\/types\/page"}],"author":[{"embeddable":true,"href":"https:\/\/mg-studioprojekt.pl\/index.php?rest_route=\/wp\/v2\/users\/1"}],"replies":[{"embeddable":true,"href":"https:\/\/mg-studioprojekt.pl\/index.php?rest_route=%2Fwp%2Fv2%2Fcomments&post=44"}],"version-history":[{"count":2,"href":"https:\/\/mg-studioprojekt.pl\/index.php?rest_route=\/wp\/v2\/pages\/44\/revisions"}],"predecessor-version":[{"id":77,"href":"https:\/\/mg-studioprojekt.pl\/index.php?rest_route=\/wp\/v2\/pages\/44\/revisions\/77"}],"wp:attachment":[{"href":"https:\/\/mg-studioprojekt.pl\/index.php?rest_route=%2Fwp%2Fv2%2Fmedia&parent=44"}],"curies":[{"name":"wp","href":"https:\/\/api.w.org\/{rel}","templated":true}]}}