{"id":18,"date":"2017-06-19T17:21:52","date_gmt":"2017-06-19T17:21:52","guid":{"rendered":"http:\/\/mg-studioprojekt.pl\/?page_id=18"},"modified":"2017-06-19T17:59:56","modified_gmt":"2017-06-19T17:59:56","slug":"oferta","status":"publish","type":"page","link":"https:\/\/mg-studioprojekt.pl\/?page_id=18","title":{"rendered":"OFERTA"},"content":{"rendered":"<p><em><strong>PROJEKTOWANIE:<\/strong><\/em><br \/>\n&#8211; Domy jednorodzinne<br \/>\n&#8211; Budynki mieszkalne wielorodzinne<br \/>\n&#8211; Obiekty magazynowe, ch\u0142odnie, mro\u017anie, przechowalnie<br \/>\n&#8211; Technologie magazynowe<br \/>\n&#8211; Zak\u0142ady przemys\u0142owe i produkcyjne<br \/>\n&#8211; Budynki hotelowe i u\u017cyteczno\u015bci publicznej<br \/>\n&#8211; Budynki biurowe<br \/>\n&#8211; Termomodernizacje<br \/>\n&#8211; Przebudowy i rozbudowy<br \/>\n&#8211; Zmiany sposobu u\u017cytkowania<br \/>\n&#8211; Aran\u017cacje wn\u0119trz<br \/>\n&#8211; Inwentaryzacje budowlane<br \/>\n<em><strong>ZAKRES<\/strong>:<\/em><br \/>\n&#8211; koncepcje + wizualizacje<br \/>\n&#8211; Projekty budowlane<br \/>\n&#8211; Projekty wykonawcze i powykonawcze<br \/>\n&#8211; Nadzory autorskie i budowlane<\/p>\n<p>&nbsp;<\/p>\n<p><strong>KOMPLEKSOWA OBS\u0141UGA INWESTYCJI BUDOWLANYCH POCZ\u0104WSZY<\/strong><br \/>\n<strong>\u00a0\u00a0\u00a0\u00a0\u00a0\u00a0\u00a0\u00a0\u00a0 OD PRZYGOTOWANIA WNIOSKU O WYDANIE DECYZJI O WARUNKACH<\/strong><br \/>\n<strong>\u00a0\u00a0\u00a0\u00a0\u00a0\u00a0\u00a0\u00a0\u00a0\u00a0\u00a0\u00a0\u00a0\u00a0\u00a0 ZABUDOWY DO POZWOLENIA NA U\u017bYTKOWANIE OBIEKTU W\u0141\u0104CZNIE \u00a0<\/strong><br \/>\n<em><strong>ZAPRASZAMY DO WSP\u00d3\u0141PRACY<\/strong><\/em><\/p>\n","protected":false},"excerpt":{"rendered":"<p>PROJEKTOWANIE: &#8211; Domy jednorodzinne &#8211; Budynki mieszkalne wielorodzinne &#8211; Obiekty magazynowe, ch\u0142odnie, mro\u017anie, przechowalnie &#8211; Technologie magazynowe &#8211; Zak\u0142ady przemys\u0142owe i produkcyjne &#8211; Budynki hotelowe i u\u017cyteczno\u015bci publicznej &#8211; Budynki biurowe &#8211; Termomodernizacje &#8211; Przebudowy i rozbudowy &#8211; Zmiany sposobu u\u017cytkowania &#8211; Aran\u017cacje wn\u0119trz &#8211; Inwentaryzacje budowlane ZAKRES: &#8211; koncepcje + wizualizacje &#8211; Projekty budowlane <a class=\"read-more\" href=\"https:\/\/mg-studioprojekt.pl\/?page_id=18\">Read More<\/a><\/p>\n","protected":false},"author":1,"featured_media":0,"parent":0,"menu_order":1,"comment_status":"closed","ping_status":"closed","template":"","meta":{"footnotes":""},"class_list":["post-18","page","type-page","status-publish","hentry"],"_links":{"self":[{"href":"https:\/\/mg-studioprojekt.pl\/index.php?rest_route=\/wp\/v2\/pages\/18","targetHints":{"allow":["GET"]}}],"collection":[{"href":"https:\/\/mg-studioprojekt.pl\/index.php?rest_route=\/wp\/v2\/pages"}],"about":[{"href":"https:\/\/mg-studioprojekt.pl\/index.php?rest_route=\/wp\/v2\/types\/page"}],"author":[{"embeddable":true,"href":"https:\/\/mg-studioprojekt.pl\/index.php?rest_route=\/wp\/v2\/users\/1"}],"replies":[{"embeddable":true,"href":"https:\/\/mg-studioprojekt.pl\/index.php?rest_route=%2Fwp%2Fv2%2Fcomments&post=18"}],"version-history":[{"count":4,"href":"https:\/\/mg-studioprojekt.pl\/index.php?rest_route=\/wp\/v2\/pages\/18\/revisions"}],"predecessor-version":[{"id":34,"href":"https:\/\/mg-studioprojekt.pl\/index.php?rest_route=\/wp\/v2\/pages\/18\/revisions\/34"}],"wp:attachment":[{"href":"https:\/\/mg-studioprojekt.pl\/index.php?rest_route=%2Fwp%2Fv2%2Fmedia&parent=18"}],"curies":[{"name":"wp","href":"https:\/\/api.w.org\/{rel}","templated":true}]}}